{"id":139,"date":"2021-11-20T16:17:57","date_gmt":"2021-11-20T15:17:57","guid":{"rendered":"http:\/\/www.diegothielemans.com\/?page_id=139"},"modified":"2025-08-07T18:25:52","modified_gmt":"2025-08-07T16:25:52","slug":"about","status":"publish","type":"page","link":"https:\/\/www.diegothielemans.com\/index.php\/about\/","title":{"rendered":"ABOUT"},"content":{"rendered":"\n<div class=\"wp-block-columns alignwide\">\n<div class=\"wp-block-column\" style=\"flex-basis:100%\">\n<p><strong>Diego Thielemans<\/strong><br>b. 1989, lives and works in Brussels, Belgium<\/p>\n\n\n\n<p>contact(at)diegothielemans.com<\/p>\n\n\n\n<p>Diego Thielemans is engaged in a practice of moving image and collage. Gleaning materials and organizing them are at the heart of these practices. The resulting forms are diverse; books, printed posters, paintings, videos, small sculptures and sculptural furniture. <br>In addition to his personal practice, Diego Thielemans founded MULTIPLEXE with Benjamin De Backer, a curatorial project and collective sculpture in permanent evolution.<br>His current interests are the multiple names of water and flowers, collective learning in printmaking, the rationalised waste of time in intensive work and images of constellations of images.<\/p>\n\n\n\n<div style=\"height:40px\" aria-hidden=\"true\" class=\"wp-block-spacer\"><\/div>\n\n\n\n<p><strong>CV<\/strong><\/p>\n\n\n\n<p><strong>Solo\/duo shows<\/strong><br><br><strong>2024<\/strong> &#8211; <em>Soir\u00e9e Calme<\/em>, with Gaelle Loth, Ample Contemporary Art Space, Amplepuis, France<br><strong>2022<\/strong> &#8211; <em>The Silly Running Troubled Dots<\/em>, Gevaert Editions and Chez Rosi, Brussels<br><strong>2020<\/strong> &#8211; <em>Les Cin\u00e9mas<\/em>, Shhh Festival by Monokino, Ostende<br><strong>2020<\/strong> &#8211; <em>Chose rythme<\/em>, with Benjamin De Backer, Rue du Chapeau 10, Brussels 2019 De Backer &amp; Thielemans, Cin\u00e9miroir,<br><strong>2017<\/strong> &#8211; <em>Au Bain<\/em>, with Benjamin De Backer, Bom Dia Bonjour, Brussels<br><strong>2014<\/strong> &#8211; <em>When Rubiero comes from the backdoor, the friends are already in<\/em>, Wiels &#8211; Project Space, Brussels<\/p>\n\n\n\n<p><strong>MULTIPLEXE<\/strong><br>with Benjamin De Backer<br><br><strong>2024<\/strong> &#8211; <em>Love Letter to Litter<\/em>, with Aaron Daems, workshop, LUCA School of Arts, Brussels<br><strong>2024<\/strong> &#8211; <em>Dirty Politics<\/em>, workshop, VROOM, Brussels<br><strong>2022<\/strong> &#8211;  <em>Des \u00c9toiles au bord de l\u2019ombre<\/em>, with Dominique Thirion, \u00c9cole d\u2019art d\u2019Uccle, Brussels<br><strong>2022<\/strong> &#8211; <em>Le Bal des ruminants<\/em>, workshop, erg, Brussels<br><strong>2022<\/strong> &#8211; <em>Comme un t\u00e9lescope<\/em>, Le Bassin, Brussels<br><strong>2021<\/strong> &#8211; MULTIPLEXE in <em>Institution Building<\/em>, CIVA, Brussels<\/p>\n\n\n\n<p><strong>Group shows<\/strong><br><br><strong>2023<\/strong> &#8211; <em>A4 a wall<\/em>, VROOM, Bruxelles<br><strong>2023<\/strong> &#8211; Alternative Domestic Art Fair, Bruxelles<br><strong>2022<\/strong> &#8211; <em>Allez, Allez!<\/em>, Centre Wallonie-Bruxelles, Paris<br><strong>2022<\/strong> &#8211; <em>Domestic Science<\/em>, Nothing for Free in Pfand &#8211; Leeggoed, Brussels<br><strong>2020<\/strong> &#8211; <em>Carnaval digital<\/em>, online festival by Maria Angelica Madero and Camilo Pachon (Bogot\u00e0, Colombia)<br><strong>2018<\/strong> &#8211; <em>Le re-bureau de Rubiero<\/em>, by Rubiero da Reixir\u00e0 at R2D2 Architecture, Brussels<br><strong>2017<\/strong> &#8211; <em>Chorus of cold people<\/em>, by Benjamin Install\u00e9 at Swallowing Helmets, Brussels<br><strong>2017<\/strong> &#8211; <em>Au Bureau \/ Au Salon<\/em>, Chez Bob, Brussels 2017 Bedroom Talks n\u00b06, Deborah Bowmann Gallery, Brussels<br><strong>2016<\/strong> &#8211; <em>The gap between<\/em>, by Cristi\u00e0n Valenzuela at Transformers Space, Brussels<br><strong>2014<\/strong> &#8211;<em> Corso Aperto 2014<\/em>, Fondazione Ratti, Como, Italy<\/p>\n\n\n\n<p><strong>Publishing<\/strong><br><br><strong>2025<\/strong> &#8211; <em>Quest for Paradise<\/em> #7, with C\u00e9line Matkowska, Meriem Steiner and Benjamin De Backer, fanzine, risograph printing Frau Steiner Studio, 16p., 18 x 24 cm, 50 copies, Brussels<br><strong>2025<\/strong> &#8211; <em>Quest for Paradise<\/em> #4 #5 #6, fanzine, risograph printing Chez Rosi, 16p., 18 x 24 cm, 50 copies, Brussels<br><strong>2024<\/strong> &#8211; <em>Colour Book<\/em>, book, risograph printing, 92 p., 17 x 24 cm, 300 copies, Chez Rosi, Brussels<br><strong>2024<\/strong> &#8211; <em>Quest for Paradise<\/em> #1 #2 #3, fanzine, risograph printing Toner Toner, 16p., 18 x 24 cm, 50 copies, Lyon\/Brussels<br><strong>2022<\/strong> &#8211; <em>L\u2019Imagier &#8211; Feu #1 et #2<\/em>, poster, silkscreen printing, 50 x 70 cm, 10 copies, Factatory + Atelier Chalopin, Lyon<br><strong>2022<\/strong> &#8211; <em>My Printer\u2019s Speech<\/em>, portfolio of 8 posters, risograph printing, 29,7 x 42 cm, 30 copies, Gevaert Editions + PTTL-Chez Rosi, Bruxelles<br><strong>2021<\/strong> &#8211; <em>Living the Grid<\/em>, combination of 4 posters, risograph printing, 70,2 x 94,8 cm, 7 copies, Chez Rosi, Bruxelles<br><strong>2021<\/strong> &#8211; <em>Country Happening<\/em>, with Benjamin De Backer, book, offset, 21 x 27 cm, 96 p., 200 copies, Surfaces Utiles, Brussels<br><strong>2020<\/strong> &#8211; <em>The Chemist<\/em>, poster, risograph printing, 29,7 x 42 cm, 50 copies, Gevaert Editions, Bruxelles<br><strong>2017<\/strong> &#8211; <em>Au Bureau<\/em>, with B\u00e9r\u00e9nice B\u00e9guerie, booklet, offset printing, 28 x 40 cm, 500 copies, Rubiero da Reixir\u00e0, Brussels<\/p>\n\n\n\n<p><strong>Films<\/strong><br><br><strong>2019<\/strong>  &#8211; <em>Nature<\/em>, video HD, son, 12&rsquo;22\u00a0\u00bb<br><strong>2017<\/strong> &#8211; <em>Promenade aux champs<\/em>, video HD, 23&rsquo;52\u00a0\u00bb<\/p>\n\n\n\n<p><strong>Talks and Performances<\/strong><br><br><strong>2025<\/strong> &#8211; <em>The Glowing Part of Yourself<\/em>, with Val\u00e9rie Leclercq and Savinien Peeters, La Fonderie, Brussels<br><strong>2025<\/strong> &#8211;<em> R\u00e9p\u00e9ter, imprimer<\/em>, URDLA, Lyon, France<br><strong>2024<\/strong> &#8211; <em>Colour Book : User&rsquo;s guide<\/em>, Printers&rsquo; Speeches, VROOM, Brussels<br><strong>2024<\/strong> &#8211; <em>Colour Book : Guide de l&rsquo;utilisateur<\/em>, Wiels Art Book Fair, Wiels, Brussels<\/p>\n\n\n\n<p><strong>Pedagogy<\/strong><br><br><strong>2024-25<\/strong> &#8211; Pratique critique des images, lecturer, erg (\u00e9cole de recherche graphique), Brussels<br><strong>2024-25<\/strong> &#8211; Colouring Illustrations with the Colour Book, Advanced RISO Workshops, Grafik, Brussels<br><strong>2022-25<\/strong> &#8211; MULTIPLEXE workshops, various locations<br><strong>2022<\/strong> &#8211; Zine Club, workshop at Muntpunt, Brussels<br><strong>2015-16<\/strong> &#8211; Dessin et \u00e9ducation plastique, d\u00e9partement p\u00e9dagogique, Haute \u00c9cole Namur-Li\u00e8ge-Luxembourg, Champion<\/p>\n\n\n\n<p><strong>Studies and Residencies<\/strong><br><br><strong>2021-24<\/strong> &#8211; Guest artist at Chez Rosi, risography studio, Brussels<br><strong>2022<\/strong> &#8211; Factatory, Tator Gallery, Lyon, France<br><strong>2014<\/strong> &#8211; XX CSAV &#8211; Artists Research Laboratory, Fondazione Ratti, Como, Italy<br><strong>2014<\/strong> &#8211; Wiels Residency Program, Brussels<br><strong>2013<\/strong> &#8211; Master\u2019s degree in art, erg (School of Graphic Research), Brussels<br><strong>2013<\/strong> &#8211; \u00abContinuous Project Altered Daily, P.A.R.T.S, Brussels<br><strong>2012<\/strong> &#8211; Erasmus at ENSA Villa Arson, Nice, France<\/p>\n<\/div>\n<\/div>\n\n\n\n<p><\/p>\n","protected":false},"excerpt":{"rendered":"<p>Diego Thielemansb. 1989, lives and works in Brussels, Belgium contact(at)diegothielemans.com Diego Thielemans is engaged in a practice of moving image and collage. Gleaning materials and organizing them are at the heart of these practices. The resulting forms are diverse; books, printed posters, paintings, videos, small sculptures and sculptural furniture. In addition to his personal practice,&hellip; <a class=\"more-link\" href=\"https:\/\/www.diegothielemans.com\/index.php\/about\/\">Poursuivre la lecture <span class=\"screen-reader-text\">ABOUT<\/span><\/a><\/p>\n","protected":false},"author":1,"featured_media":0,"parent":0,"menu_order":0,"comment_status":"closed","ping_status":"closed","template":"","meta":[],"_links":{"self":[{"href":"https:\/\/www.diegothielemans.com\/index.php\/wp-json\/wp\/v2\/pages\/139"}],"collection":[{"href":"https:\/\/www.diegothielemans.com\/index.php\/wp-json\/wp\/v2\/pages"}],"about":[{"href":"https:\/\/www.diegothielemans.com\/index.php\/wp-json\/wp\/v2\/types\/page"}],"author":[{"embeddable":true,"href":"https:\/\/www.diegothielemans.com\/index.php\/wp-json\/wp\/v2\/users\/1"}],"replies":[{"embeddable":true,"href":"https:\/\/www.diegothielemans.com\/index.php\/wp-json\/wp\/v2\/comments?post=139"}],"version-history":[{"count":33,"href":"https:\/\/www.diegothielemans.com\/index.php\/wp-json\/wp\/v2\/pages\/139\/revisions"}],"predecessor-version":[{"id":1581,"href":"https:\/\/www.diegothielemans.com\/index.php\/wp-json\/wp\/v2\/pages\/139\/revisions\/1581"}],"wp:attachment":[{"href":"https:\/\/www.diegothielemans.com\/index.php\/wp-json\/wp\/v2\/media?parent=139"}],"curies":[{"name":"wp","href":"https:\/\/api.w.org\/{rel}","templated":true}]}}